{"id":124,"date":"2022-08-12T17:11:26","date_gmt":"2022-08-12T15:11:26","guid":{"rendered":"https:\/\/montecarmo12.ms.decms.eu\/?page_id=124"},"modified":"2022-12-01T12:38:48","modified_gmt":"2022-12-01T11:38:48","slug":"a-mesa","status":"publish","type":"page","link":"https:\/\/www.montecarmo12.com\/pt-pt\/a-mesa\/","title":{"rendered":"A Mesa"},"content":{"rendered":"<p>H\u00e1 poucas formas de come\u00e7ar melhor o dia do que com um bom <u>pequeno-almo\u00e7o<\/u>. Refei\u00e7\u00e3o central na experi\u00eancia Montecarmo 12, \u00e9 diariamente servido na mesa partilhada da nossa cozinha, onde as refei\u00e7\u00f5es quentes s\u00e3o preparadas em frente aos h\u00f3spedes, num ambiente de proximidade e descontra\u00e7\u00e3o. Um menu estilo brunch vegetariano simples mas criativo, desenvolvido pelo Chef Dede com os ingredientes mais frescos da \u00e9poca.<\/p>\n<p>Pelo fim-da-tarde, os h\u00f3spedes poder\u00e3o desfrutar do nosso <em><u>tea time<\/u><\/em>, servido ou na sala comum, ou no quarto.<\/p>\n<p>Dispomos ainda de uma <u>sele\u00e7\u00e3o de t\u00e1buas mediterr\u00e2nicas <\/u>para chegadas (ou vontades) tardias, dispon\u00edvel em qualquer um dos espa\u00e7os comuns do hotel.<\/p>\n","protected":false},"excerpt":{"rendered":"<p>H\u00e1 poucas formas de come\u00e7ar melhor o dia do que com um bom pequeno-almo\u00e7o. Refei\u00e7\u00e3o central na experi\u00eancia Montecarmo 12, \u00e9 diariamente servido na mesa partilhada da nossa cozinha, onde as refei\u00e7\u00f5es quentes s\u00e3o preparadas em frente aos h\u00f3spedes, num ambiente de proximidade e descontra\u00e7\u00e3o. Um menu estilo brunch vegetariano simples mas criativo, desenvolvido pelo [&hellip;]<\/p>\n","protected":false},"author":13,"featured_media":0,"parent":0,"menu_order":50,"comment_status":"closed","ping_status":"closed","template":"template-single-restaurant.php","meta":{"footnotes":""},"class_list":["post-124","page","type-page","status-publish","hentry"],"yoast_head":"<!-- This site is optimized with the Yoast SEO plugin v26.9 - https:\/\/yoast.com\/product\/yoast-seo-wordpress\/ -->\n<title>A Mesa - Montecarmo 12 -<\/title>\n<meta name=\"description\" content=\"H\u00e1 poucas formas de come\u00e7ar melhor o dia do que com um bom pequeno-almo\u00e7o. Refei\u00e7\u00e3o central na experi\u00eancia Montecarmo 12, \u00e9 diariamente servido na mesa partilhada da nossa cozinha, onde as refei\u00e7\u00f5es quentes s\u00e3o preparadas em frente aos h\u00f3spedes, num ambiente de proximidade e descontra\u00e7\u00e3o\" \/>\n<meta name=\"robots\" content=\"index, follow, max-snippet:-1, max-image-preview:large, max-video-preview:-1\" \/>\n<link rel=\"canonical\" href=\"https:\/\/www.montecarmo12.com\/pt-pt\/a-mesa\/\" \/>\n<meta property=\"og:locale\" content=\"pt_PT\" \/>\n<meta property=\"og:type\" content=\"article\" \/>\n<meta property=\"og:title\" content=\"A Mesa - Montecarmo 12 -\" \/>\n<meta property=\"og:description\" content=\"H\u00e1 poucas formas de come\u00e7ar melhor o dia do que com um bom pequeno-almo\u00e7o. Refei\u00e7\u00e3o central na experi\u00eancia Montecarmo 12, \u00e9 diariamente servido na mesa partilhada da nossa cozinha, onde as refei\u00e7\u00f5es quentes s\u00e3o preparadas em frente aos h\u00f3spedes, num ambiente de proximidade e descontra\u00e7\u00e3o\" \/>\n<meta property=\"og:url\" content=\"https:\/\/www.montecarmo12.com\/pt-pt\/a-mesa\/\" \/>\n<meta property=\"og:site_name\" content=\"Montecarmo 12\" \/>\n<meta property=\"article:modified_time\" content=\"2022-12-01T11:38:48+00:00\" \/>\n<meta name=\"twitter:card\" content=\"summary_large_image\" \/>\n<meta name=\"twitter:label1\" content=\"Tempo estimado de leitura\" \/>\n\t<meta name=\"twitter:data1\" content=\"1 minuto\" \/>\n<script type=\"application\/ld+json\" class=\"yoast-schema-graph\">{\"@context\":\"https:\/\/schema.org\",\"@graph\":[{\"@type\":\"WebPage\",\"@id\":\"https:\/\/www.montecarmo12.com\/pt-pt\/a-mesa\/\",\"url\":\"https:\/\/www.montecarmo12.com\/pt-pt\/a-mesa\/\",\"name\":\"A Mesa - Montecarmo 12 -\",\"isPartOf\":{\"@id\":\"https:\/\/www.montecarmo12.com\/pt-pt\/#website\"},\"datePublished\":\"2022-08-12T15:11:26+00:00\",\"dateModified\":\"2022-12-01T11:38:48+00:00\",\"description\":\"H\u00e1 poucas formas de come\u00e7ar melhor o dia do que com um bom pequeno-almo\u00e7o. Refei\u00e7\u00e3o central na experi\u00eancia Montecarmo 12, \u00e9 diariamente servido na mesa partilhada da nossa cozinha, onde as refei\u00e7\u00f5es quentes s\u00e3o preparadas em frente aos h\u00f3spedes, num ambiente de proximidade e descontra\u00e7\u00e3o\",\"breadcrumb\":{\"@id\":\"https:\/\/www.montecarmo12.com\/pt-pt\/a-mesa\/#breadcrumb\"},\"inLanguage\":\"pt-PT\",\"potentialAction\":[{\"@type\":\"ReadAction\",\"target\":[\"https:\/\/www.montecarmo12.com\/pt-pt\/a-mesa\/\"]}]},{\"@type\":\"BreadcrumbList\",\"@id\":\"https:\/\/www.montecarmo12.com\/pt-pt\/a-mesa\/#breadcrumb\",\"itemListElement\":[{\"@type\":\"ListItem\",\"position\":1,\"name\":\"Home\",\"item\":\"https:\/\/www.montecarmo12.com\/pt-pt\/\"},{\"@type\":\"ListItem\",\"position\":2,\"name\":\"A Mesa\"}]},{\"@type\":\"WebSite\",\"@id\":\"https:\/\/www.montecarmo12.com\/pt-pt\/#website\",\"url\":\"https:\/\/www.montecarmo12.com\/pt-pt\/\",\"name\":\"Montecarmo 12\",\"description\":\"Ecco un altro sito ms.decms.eu\",\"potentialAction\":[{\"@type\":\"SearchAction\",\"target\":{\"@type\":\"EntryPoint\",\"urlTemplate\":\"https:\/\/www.montecarmo12.com\/pt-pt\/?s={search_term_string}\"},\"query-input\":{\"@type\":\"PropertyValueSpecification\",\"valueRequired\":true,\"valueName\":\"search_term_string\"}}],\"inLanguage\":\"pt-PT\"}]}<\/script>\n<!-- \/ Yoast SEO plugin. -->","yoast_head_json":{"title":"A Mesa - Montecarmo 12 -","description":"H\u00e1 poucas formas de come\u00e7ar melhor o dia do que com um bom pequeno-almo\u00e7o. Refei\u00e7\u00e3o central na experi\u00eancia Montecarmo 12, \u00e9 diariamente servido na mesa partilhada da nossa cozinha, onde as refei\u00e7\u00f5es quentes s\u00e3o preparadas em frente aos h\u00f3spedes, num ambiente de proximidade e descontra\u00e7\u00e3o","robots":{"index":"index","follow":"follow","max-snippet":"max-snippet:-1","max-image-preview":"max-image-preview:large","max-video-preview":"max-video-preview:-1"},"canonical":"https:\/\/www.montecarmo12.com\/pt-pt\/a-mesa\/","og_locale":"pt_PT","og_type":"article","og_title":"A Mesa - Montecarmo 12 -","og_description":"H\u00e1 poucas formas de come\u00e7ar melhor o dia do que com um bom pequeno-almo\u00e7o. Refei\u00e7\u00e3o central na experi\u00eancia Montecarmo 12, \u00e9 diariamente servido na mesa partilhada da nossa cozinha, onde as refei\u00e7\u00f5es quentes s\u00e3o preparadas em frente aos h\u00f3spedes, num ambiente de proximidade e descontra\u00e7\u00e3o","og_url":"https:\/\/www.montecarmo12.com\/pt-pt\/a-mesa\/","og_site_name":"Montecarmo 12","article_modified_time":"2022-12-01T11:38:48+00:00","twitter_card":"summary_large_image","twitter_misc":{"Tempo estimado de leitura":"1 minuto"},"schema":{"@context":"https:\/\/schema.org","@graph":[{"@type":"WebPage","@id":"https:\/\/www.montecarmo12.com\/pt-pt\/a-mesa\/","url":"https:\/\/www.montecarmo12.com\/pt-pt\/a-mesa\/","name":"A Mesa - Montecarmo 12 -","isPartOf":{"@id":"https:\/\/www.montecarmo12.com\/pt-pt\/#website"},"datePublished":"2022-08-12T15:11:26+00:00","dateModified":"2022-12-01T11:38:48+00:00","description":"H\u00e1 poucas formas de come\u00e7ar melhor o dia do que com um bom pequeno-almo\u00e7o. Refei\u00e7\u00e3o central na experi\u00eancia Montecarmo 12, \u00e9 diariamente servido na mesa partilhada da nossa cozinha, onde as refei\u00e7\u00f5es quentes s\u00e3o preparadas em frente aos h\u00f3spedes, num ambiente de proximidade e descontra\u00e7\u00e3o","breadcrumb":{"@id":"https:\/\/www.montecarmo12.com\/pt-pt\/a-mesa\/#breadcrumb"},"inLanguage":"pt-PT","potentialAction":[{"@type":"ReadAction","target":["https:\/\/www.montecarmo12.com\/pt-pt\/a-mesa\/"]}]},{"@type":"BreadcrumbList","@id":"https:\/\/www.montecarmo12.com\/pt-pt\/a-mesa\/#breadcrumb","itemListElement":[{"@type":"ListItem","position":1,"name":"Home","item":"https:\/\/www.montecarmo12.com\/pt-pt\/"},{"@type":"ListItem","position":2,"name":"A Mesa"}]},{"@type":"WebSite","@id":"https:\/\/www.montecarmo12.com\/pt-pt\/#website","url":"https:\/\/www.montecarmo12.com\/pt-pt\/","name":"Montecarmo 12","description":"Ecco un altro sito ms.decms.eu","potentialAction":[{"@type":"SearchAction","target":{"@type":"EntryPoint","urlTemplate":"https:\/\/www.montecarmo12.com\/pt-pt\/?s={search_term_string}"},"query-input":{"@type":"PropertyValueSpecification","valueRequired":true,"valueName":"search_term_string"}}],"inLanguage":"pt-PT"}]}},"acf":[],"_links":{"self":[{"href":"https:\/\/www.montecarmo12.com\/pt-pt\/wp-json\/wp\/v2\/pages\/124","targetHints":{"allow":["GET"]}}],"collection":[{"href":"https:\/\/www.montecarmo12.com\/pt-pt\/wp-json\/wp\/v2\/pages"}],"about":[{"href":"https:\/\/www.montecarmo12.com\/pt-pt\/wp-json\/wp\/v2\/types\/page"}],"author":[{"embeddable":true,"href":"https:\/\/www.montecarmo12.com\/pt-pt\/wp-json\/wp\/v2\/users\/13"}],"replies":[{"embeddable":true,"href":"https:\/\/www.montecarmo12.com\/pt-pt\/wp-json\/wp\/v2\/comments?post=124"}],"version-history":[{"count":0,"href":"https:\/\/www.montecarmo12.com\/pt-pt\/wp-json\/wp\/v2\/pages\/124\/revisions"}],"wp:attachment":[{"href":"https:\/\/www.montecarmo12.com\/pt-pt\/wp-json\/wp\/v2\/media?parent=124"}],"curies":[{"name":"wp","href":"https:\/\/api.w.org\/{rel}","templated":true}]}}