{"id":118,"date":"2022-08-12T16:49:58","date_gmt":"2022-08-12T14:49:58","guid":{"rendered":"https:\/\/montecarmo12.ms.decms.eu\/?page_id=118"},"modified":"2026-04-29T18:04:37","modified_gmt":"2026-04-29T16:04:37","slug":"deluxe","status":"publish","type":"page","link":"https:\/\/www.montecarmo12.com\/pt-pt\/quartos\/deluxe\/","title":{"rendered":"Deluxe"},"content":{"rendered":"<p><span style=\"font-weight: 400;font-style: italic\"><br \/>\nDesfrute de um conforto sublime nos nossos espa\u00e7osos Quartos Deluxe, resguardados pelo charme tranquilo da Travessa do Montecarmo.<br \/>\n<\/span><\/p>\n<p><span style=\"font-weight: 400\"><br \/>\nO Quarto Deluxe oferece uma generosa sensa\u00e7\u00e3o de espa\u00e7o e serenidade, distribu\u00edda por 31 m\u00b2 nos pisos principais do hotel. Concebidos com o foco no descanso, estes quartos apresentam uma sumptuosa cama king-size (200x180cm) como pe\u00e7a central. Com vista sobre a pacata Travessa do Montecarmo, a envolvente oferece um vislumbre do ritmo aut\u00eantico e pausado da vida lisboeta. \u00c9 a escolha ideal para h\u00f3spedes que procuram um equil\u00edbrio harmonioso entre o luxo moderno e o car\u00e1cter local, garantindo que cada momento da sua estadia seja de um conforto absoluto.<br \/>\n<\/span><\/p>\n","protected":false},"excerpt":{"rendered":"<p>Desfrute de um conforto sublime nos nossos espa\u00e7osos Quartos Deluxe, resguardados pelo charme tranquilo da Travessa do Montecarmo. O Quarto Deluxe oferece uma generosa sensa\u00e7\u00e3o de espa\u00e7o e serenidade, distribu\u00edda por 31 m\u00b2 nos pisos principais do hotel. Concebidos com o foco no descanso, estes quartos apresentam uma sumptuosa cama king-size (200x180cm) como pe\u00e7a central. [&hellip;]<\/p>\n","protected":false},"author":13,"featured_media":0,"parent":115,"menu_order":20,"comment_status":"closed","ping_status":"closed","template":"template-single-room.php","meta":{"footnotes":""},"class_list":["post-118","page","type-page","status-publish","hentry"],"yoast_head":"<!-- This site is optimized with the Yoast SEO plugin v26.9 - https:\/\/yoast.com\/product\/yoast-seo-wordpress\/ -->\n<title>Deluxe - Montecarmo 12 -<\/title>\n<meta name=\"description\" content=\"Desfrute de um conforto sublime nos nossos espa\u00e7osos Quartos Deluxe, resguardados pelo charme tranquilo da Travessa do Montecarmo.     O Quarto Deluxe oferece uma generosa sensa\u00e7\u00e3o de espa\u00e7o e serenidade, distribu\u00edda por 31 m\u00b2 nos pisos principais do hotel. Concebidos com o foco no descanso, estes quartos apresentam uma sumptuosa cama king-size (200x180cm) como pe\u00e7a central\" \/>\n<meta name=\"robots\" content=\"index, follow, max-snippet:-1, max-image-preview:large, max-video-preview:-1\" \/>\n<link rel=\"canonical\" href=\"https:\/\/www.montecarmo12.com\/pt-pt\/quartos\/deluxe\/\" \/>\n<meta property=\"og:locale\" content=\"pt_PT\" \/>\n<meta property=\"og:type\" content=\"article\" \/>\n<meta property=\"og:title\" content=\"Deluxe - Montecarmo 12 -\" \/>\n<meta property=\"og:description\" content=\"Desfrute de um conforto sublime nos nossos espa\u00e7osos Quartos Deluxe, resguardados pelo charme tranquilo da Travessa do Montecarmo.     O Quarto Deluxe oferece uma generosa sensa\u00e7\u00e3o de espa\u00e7o e serenidade, distribu\u00edda por 31 m\u00b2 nos pisos principais do hotel. Concebidos com o foco no descanso, estes quartos apresentam uma sumptuosa cama king-size (200x180cm) como pe\u00e7a central\" \/>\n<meta property=\"og:url\" content=\"https:\/\/www.montecarmo12.com\/pt-pt\/quartos\/deluxe\/\" \/>\n<meta property=\"og:site_name\" content=\"Montecarmo 12\" \/>\n<meta property=\"article:modified_time\" content=\"2026-04-29T16:04:37+00:00\" \/>\n<meta name=\"twitter:card\" content=\"summary_large_image\" \/>\n<meta name=\"twitter:label1\" content=\"Tempo estimado de leitura\" \/>\n\t<meta name=\"twitter:data1\" content=\"1 minuto\" \/>\n<script type=\"application\/ld+json\" class=\"yoast-schema-graph\">{\"@context\":\"https:\/\/schema.org\",\"@graph\":[{\"@type\":\"WebPage\",\"@id\":\"https:\/\/www.montecarmo12.com\/pt-pt\/quartos\/deluxe\/\",\"url\":\"https:\/\/www.montecarmo12.com\/pt-pt\/quartos\/deluxe\/\",\"name\":\"Deluxe - Montecarmo 12 -\",\"isPartOf\":{\"@id\":\"https:\/\/www.montecarmo12.com\/pt-pt\/#website\"},\"datePublished\":\"2022-08-12T14:49:58+00:00\",\"dateModified\":\"2026-04-29T16:04:37+00:00\",\"description\":\"Desfrute de um conforto sublime nos nossos espa\u00e7osos Quartos Deluxe, resguardados pelo charme tranquilo da Travessa do Montecarmo. O Quarto Deluxe oferece uma generosa sensa\u00e7\u00e3o de espa\u00e7o e serenidade, distribu\u00edda por 31 m\u00b2 nos pisos principais do hotel. Concebidos com o foco no descanso, estes quartos apresentam uma sumptuosa cama king-size (200x180cm) como pe\u00e7a central\",\"breadcrumb\":{\"@id\":\"https:\/\/www.montecarmo12.com\/pt-pt\/quartos\/deluxe\/#breadcrumb\"},\"inLanguage\":\"pt-PT\",\"potentialAction\":[{\"@type\":\"ReadAction\",\"target\":[\"https:\/\/www.montecarmo12.com\/pt-pt\/quartos\/deluxe\/\"]}]},{\"@type\":\"BreadcrumbList\",\"@id\":\"https:\/\/www.montecarmo12.com\/pt-pt\/quartos\/deluxe\/#breadcrumb\",\"itemListElement\":[{\"@type\":\"ListItem\",\"position\":1,\"name\":\"Home\",\"item\":\"https:\/\/www.montecarmo12.com\/pt-pt\/\"},{\"@type\":\"ListItem\",\"position\":2,\"name\":\"Quartos\",\"item\":\"https:\/\/www.montecarmo12.com\/pt-pt\/quartos\/\"},{\"@type\":\"ListItem\",\"position\":3,\"name\":\"Deluxe\"}]},{\"@type\":\"WebSite\",\"@id\":\"https:\/\/www.montecarmo12.com\/pt-pt\/#website\",\"url\":\"https:\/\/www.montecarmo12.com\/pt-pt\/\",\"name\":\"Montecarmo 12\",\"description\":\"Ecco un altro sito ms.decms.eu\",\"potentialAction\":[{\"@type\":\"SearchAction\",\"target\":{\"@type\":\"EntryPoint\",\"urlTemplate\":\"https:\/\/www.montecarmo12.com\/pt-pt\/?s={search_term_string}\"},\"query-input\":{\"@type\":\"PropertyValueSpecification\",\"valueRequired\":true,\"valueName\":\"search_term_string\"}}],\"inLanguage\":\"pt-PT\"}]}<\/script>\n<!-- \/ Yoast SEO plugin. -->","yoast_head_json":{"title":"Deluxe - Montecarmo 12 -","description":"Desfrute de um conforto sublime nos nossos espa\u00e7osos Quartos Deluxe, resguardados pelo charme tranquilo da Travessa do Montecarmo.     O Quarto Deluxe oferece uma generosa sensa\u00e7\u00e3o de espa\u00e7o e serenidade, distribu\u00edda por 31 m\u00b2 nos pisos principais do hotel. Concebidos com o foco no descanso, estes quartos apresentam uma sumptuosa cama king-size (200x180cm) como pe\u00e7a central","robots":{"index":"index","follow":"follow","max-snippet":"max-snippet:-1","max-image-preview":"max-image-preview:large","max-video-preview":"max-video-preview:-1"},"canonical":"https:\/\/www.montecarmo12.com\/pt-pt\/quartos\/deluxe\/","og_locale":"pt_PT","og_type":"article","og_title":"Deluxe - Montecarmo 12 -","og_description":"Desfrute de um conforto sublime nos nossos espa\u00e7osos Quartos Deluxe, resguardados pelo charme tranquilo da Travessa do Montecarmo.     O Quarto Deluxe oferece uma generosa sensa\u00e7\u00e3o de espa\u00e7o e serenidade, distribu\u00edda por 31 m\u00b2 nos pisos principais do hotel. Concebidos com o foco no descanso, estes quartos apresentam uma sumptuosa cama king-size (200x180cm) como pe\u00e7a central","og_url":"https:\/\/www.montecarmo12.com\/pt-pt\/quartos\/deluxe\/","og_site_name":"Montecarmo 12","article_modified_time":"2026-04-29T16:04:37+00:00","twitter_card":"summary_large_image","twitter_misc":{"Tempo estimado de leitura":"1 minuto"},"schema":{"@context":"https:\/\/schema.org","@graph":[{"@type":"WebPage","@id":"https:\/\/www.montecarmo12.com\/pt-pt\/quartos\/deluxe\/","url":"https:\/\/www.montecarmo12.com\/pt-pt\/quartos\/deluxe\/","name":"Deluxe - Montecarmo 12 -","isPartOf":{"@id":"https:\/\/www.montecarmo12.com\/pt-pt\/#website"},"datePublished":"2022-08-12T14:49:58+00:00","dateModified":"2026-04-29T16:04:37+00:00","description":"Desfrute de um conforto sublime nos nossos espa\u00e7osos Quartos Deluxe, resguardados pelo charme tranquilo da Travessa do Montecarmo. O Quarto Deluxe oferece uma generosa sensa\u00e7\u00e3o de espa\u00e7o e serenidade, distribu\u00edda por 31 m\u00b2 nos pisos principais do hotel. Concebidos com o foco no descanso, estes quartos apresentam uma sumptuosa cama king-size (200x180cm) como pe\u00e7a central","breadcrumb":{"@id":"https:\/\/www.montecarmo12.com\/pt-pt\/quartos\/deluxe\/#breadcrumb"},"inLanguage":"pt-PT","potentialAction":[{"@type":"ReadAction","target":["https:\/\/www.montecarmo12.com\/pt-pt\/quartos\/deluxe\/"]}]},{"@type":"BreadcrumbList","@id":"https:\/\/www.montecarmo12.com\/pt-pt\/quartos\/deluxe\/#breadcrumb","itemListElement":[{"@type":"ListItem","position":1,"name":"Home","item":"https:\/\/www.montecarmo12.com\/pt-pt\/"},{"@type":"ListItem","position":2,"name":"Quartos","item":"https:\/\/www.montecarmo12.com\/pt-pt\/quartos\/"},{"@type":"ListItem","position":3,"name":"Deluxe"}]},{"@type":"WebSite","@id":"https:\/\/www.montecarmo12.com\/pt-pt\/#website","url":"https:\/\/www.montecarmo12.com\/pt-pt\/","name":"Montecarmo 12","description":"Ecco un altro sito ms.decms.eu","potentialAction":[{"@type":"SearchAction","target":{"@type":"EntryPoint","urlTemplate":"https:\/\/www.montecarmo12.com\/pt-pt\/?s={search_term_string}"},"query-input":{"@type":"PropertyValueSpecification","valueRequired":true,"valueName":"search_term_string"}}],"inLanguage":"pt-PT"}]}},"acf":[],"_links":{"self":[{"href":"https:\/\/www.montecarmo12.com\/pt-pt\/wp-json\/wp\/v2\/pages\/118","targetHints":{"allow":["GET"]}}],"collection":[{"href":"https:\/\/www.montecarmo12.com\/pt-pt\/wp-json\/wp\/v2\/pages"}],"about":[{"href":"https:\/\/www.montecarmo12.com\/pt-pt\/wp-json\/wp\/v2\/types\/page"}],"author":[{"embeddable":true,"href":"https:\/\/www.montecarmo12.com\/pt-pt\/wp-json\/wp\/v2\/users\/13"}],"replies":[{"embeddable":true,"href":"https:\/\/www.montecarmo12.com\/pt-pt\/wp-json\/wp\/v2\/comments?post=118"}],"version-history":[{"count":0,"href":"https:\/\/www.montecarmo12.com\/pt-pt\/wp-json\/wp\/v2\/pages\/118\/revisions"}],"up":[{"embeddable":true,"href":"https:\/\/www.montecarmo12.com\/pt-pt\/wp-json\/wp\/v2\/pages\/115"}],"wp:attachment":[{"href":"https:\/\/www.montecarmo12.com\/pt-pt\/wp-json\/wp\/v2\/media?parent=118"}],"curies":[{"name":"wp","href":"https:\/\/api.w.org\/{rel}","templated":true}]}}