{"id":117,"date":"2022-08-12T16:45:43","date_gmt":"2022-08-12T14:45:43","guid":{"rendered":"https:\/\/montecarmo12.ms.decms.eu\/?page_id=117"},"modified":"2026-04-29T18:04:24","modified_gmt":"2026-04-29T16:04:24","slug":"superior","status":"publish","type":"page","link":"https:\/\/www.montecarmo12.com\/pt-pt\/quartos\/superior\/","title":{"rendered":"Superior"},"content":{"rendered":"<p><span style=\"font-weight: 400;font-style: italic\"><br \/>\nUm ref\u00fagio \u00edntimo e hist\u00f3rico. Estes santu\u00e1rios acolhedores oferecem um lugar na primeira fila para a arquitetura pombalina da Rua de S\u00e3o Mar\u00e7al.<br \/>\n<\/span><\/p>\n<p><span style=\"font-weight: 400\"><br \/>\nOs nossos Quartos Superior foram concebidos para o viajante que aprecia a sofistica\u00e7\u00e3o discreta de um ref\u00fagio urbano. Localizados no primeiro e segundo pisos, estes quartos de 29 m\u00b2 oferecem uma liga\u00e7\u00e3o aut\u00eantica \u00e0 alma de Lisboa, com vistas para a hist\u00f3rica Rua de S\u00e3o Mar\u00e7al. Meticulosamente preparados para o seu conforto, o espa\u00e7o disp\u00f5e de uma requintada cama queen-size (160x200cm) e de uma atmosfera curada que privilegia o descanso. A luz natural mais suave cria um ambiente convidativo, como um casulo, perfeito para relaxar ap\u00f3s um dia a explorar as ruas sinuosas da cidade.<br \/>\n<\/span><\/p>\n","protected":false},"excerpt":{"rendered":"<p>Um ref\u00fagio \u00edntimo e hist\u00f3rico. Estes santu\u00e1rios acolhedores oferecem um lugar na primeira fila para a arquitetura pombalina da Rua de S\u00e3o Mar\u00e7al. Os nossos Quartos Superior foram concebidos para o viajante que aprecia a sofistica\u00e7\u00e3o discreta de um ref\u00fagio urbano. Localizados no primeiro e segundo pisos, estes quartos de 29 m\u00b2 oferecem uma liga\u00e7\u00e3o [&hellip;]<\/p>\n","protected":false},"author":13,"featured_media":0,"parent":115,"menu_order":10,"comment_status":"closed","ping_status":"closed","template":"template-single-room.php","meta":{"footnotes":""},"class_list":["post-117","page","type-page","status-publish","hentry"],"yoast_head":"<!-- This site is optimized with the Yoast SEO plugin v26.9 - https:\/\/yoast.com\/product\/yoast-seo-wordpress\/ -->\n<title>Superior - Montecarmo 12 -<\/title>\n<meta name=\"description\" content=\"Um ref\u00fagio \u00edntimo e hist\u00f3rico. Estes santu\u00e1rios acolhedores oferecem um lugar na primeira fila para a arquitetura pombalina da Rua de S\u00e3o Mar\u00e7al.    Os nossos Quartos Superior foram concebidos para o viajante que aprecia a sofistica\u00e7\u00e3o discreta de um ref\u00fagio urbano\" \/>\n<meta name=\"robots\" content=\"index, follow, max-snippet:-1, max-image-preview:large, max-video-preview:-1\" \/>\n<link rel=\"canonical\" href=\"https:\/\/www.montecarmo12.com\/pt-pt\/quartos\/superior\/\" \/>\n<meta property=\"og:locale\" content=\"pt_PT\" \/>\n<meta property=\"og:type\" content=\"article\" \/>\n<meta property=\"og:title\" content=\"Superior - Montecarmo 12 -\" \/>\n<meta property=\"og:description\" content=\"Um ref\u00fagio \u00edntimo e hist\u00f3rico. Estes santu\u00e1rios acolhedores oferecem um lugar na primeira fila para a arquitetura pombalina da Rua de S\u00e3o Mar\u00e7al.    Os nossos Quartos Superior foram concebidos para o viajante que aprecia a sofistica\u00e7\u00e3o discreta de um ref\u00fagio urbano\" \/>\n<meta property=\"og:url\" content=\"https:\/\/www.montecarmo12.com\/pt-pt\/quartos\/superior\/\" \/>\n<meta property=\"og:site_name\" content=\"Montecarmo 12\" \/>\n<meta property=\"article:modified_time\" content=\"2026-04-29T16:04:24+00:00\" \/>\n<meta name=\"twitter:card\" content=\"summary_large_image\" \/>\n<meta name=\"twitter:label1\" content=\"Tempo estimado de leitura\" \/>\n\t<meta name=\"twitter:data1\" content=\"1 minuto\" \/>\n<script type=\"application\/ld+json\" class=\"yoast-schema-graph\">{\"@context\":\"https:\/\/schema.org\",\"@graph\":[{\"@type\":\"WebPage\",\"@id\":\"https:\/\/www.montecarmo12.com\/pt-pt\/quartos\/superior\/\",\"url\":\"https:\/\/www.montecarmo12.com\/pt-pt\/quartos\/superior\/\",\"name\":\"Superior - Montecarmo 12 -\",\"isPartOf\":{\"@id\":\"https:\/\/www.montecarmo12.com\/pt-pt\/#website\"},\"datePublished\":\"2022-08-12T14:45:43+00:00\",\"dateModified\":\"2026-04-29T16:04:24+00:00\",\"description\":\"Um ref\u00fagio \u00edntimo e hist\u00f3rico. Estes santu\u00e1rios acolhedores oferecem um lugar na primeira fila para a arquitetura pombalina da Rua de S\u00e3o Mar\u00e7al. Os nossos Quartos Superior foram concebidos para o viajante que aprecia a sofistica\u00e7\u00e3o discreta de um ref\u00fagio urbano\",\"breadcrumb\":{\"@id\":\"https:\/\/www.montecarmo12.com\/pt-pt\/quartos\/superior\/#breadcrumb\"},\"inLanguage\":\"pt-PT\",\"potentialAction\":[{\"@type\":\"ReadAction\",\"target\":[\"https:\/\/www.montecarmo12.com\/pt-pt\/quartos\/superior\/\"]}]},{\"@type\":\"BreadcrumbList\",\"@id\":\"https:\/\/www.montecarmo12.com\/pt-pt\/quartos\/superior\/#breadcrumb\",\"itemListElement\":[{\"@type\":\"ListItem\",\"position\":1,\"name\":\"Home\",\"item\":\"https:\/\/www.montecarmo12.com\/pt-pt\/\"},{\"@type\":\"ListItem\",\"position\":2,\"name\":\"Quartos\",\"item\":\"https:\/\/www.montecarmo12.com\/pt-pt\/quartos\/\"},{\"@type\":\"ListItem\",\"position\":3,\"name\":\"Superior\"}]},{\"@type\":\"WebSite\",\"@id\":\"https:\/\/www.montecarmo12.com\/pt-pt\/#website\",\"url\":\"https:\/\/www.montecarmo12.com\/pt-pt\/\",\"name\":\"Montecarmo 12\",\"description\":\"Ecco un altro sito ms.decms.eu\",\"potentialAction\":[{\"@type\":\"SearchAction\",\"target\":{\"@type\":\"EntryPoint\",\"urlTemplate\":\"https:\/\/www.montecarmo12.com\/pt-pt\/?s={search_term_string}\"},\"query-input\":{\"@type\":\"PropertyValueSpecification\",\"valueRequired\":true,\"valueName\":\"search_term_string\"}}],\"inLanguage\":\"pt-PT\"}]}<\/script>\n<!-- \/ Yoast SEO plugin. -->","yoast_head_json":{"title":"Superior - Montecarmo 12 -","description":"Um ref\u00fagio \u00edntimo e hist\u00f3rico. Estes santu\u00e1rios acolhedores oferecem um lugar na primeira fila para a arquitetura pombalina da Rua de S\u00e3o Mar\u00e7al.    Os nossos Quartos Superior foram concebidos para o viajante que aprecia a sofistica\u00e7\u00e3o discreta de um ref\u00fagio urbano","robots":{"index":"index","follow":"follow","max-snippet":"max-snippet:-1","max-image-preview":"max-image-preview:large","max-video-preview":"max-video-preview:-1"},"canonical":"https:\/\/www.montecarmo12.com\/pt-pt\/quartos\/superior\/","og_locale":"pt_PT","og_type":"article","og_title":"Superior - Montecarmo 12 -","og_description":"Um ref\u00fagio \u00edntimo e hist\u00f3rico. Estes santu\u00e1rios acolhedores oferecem um lugar na primeira fila para a arquitetura pombalina da Rua de S\u00e3o Mar\u00e7al.    Os nossos Quartos Superior foram concebidos para o viajante que aprecia a sofistica\u00e7\u00e3o discreta de um ref\u00fagio urbano","og_url":"https:\/\/www.montecarmo12.com\/pt-pt\/quartos\/superior\/","og_site_name":"Montecarmo 12","article_modified_time":"2026-04-29T16:04:24+00:00","twitter_card":"summary_large_image","twitter_misc":{"Tempo estimado de leitura":"1 minuto"},"schema":{"@context":"https:\/\/schema.org","@graph":[{"@type":"WebPage","@id":"https:\/\/www.montecarmo12.com\/pt-pt\/quartos\/superior\/","url":"https:\/\/www.montecarmo12.com\/pt-pt\/quartos\/superior\/","name":"Superior - Montecarmo 12 -","isPartOf":{"@id":"https:\/\/www.montecarmo12.com\/pt-pt\/#website"},"datePublished":"2022-08-12T14:45:43+00:00","dateModified":"2026-04-29T16:04:24+00:00","description":"Um ref\u00fagio \u00edntimo e hist\u00f3rico. Estes santu\u00e1rios acolhedores oferecem um lugar na primeira fila para a arquitetura pombalina da Rua de S\u00e3o Mar\u00e7al. Os nossos Quartos Superior foram concebidos para o viajante que aprecia a sofistica\u00e7\u00e3o discreta de um ref\u00fagio urbano","breadcrumb":{"@id":"https:\/\/www.montecarmo12.com\/pt-pt\/quartos\/superior\/#breadcrumb"},"inLanguage":"pt-PT","potentialAction":[{"@type":"ReadAction","target":["https:\/\/www.montecarmo12.com\/pt-pt\/quartos\/superior\/"]}]},{"@type":"BreadcrumbList","@id":"https:\/\/www.montecarmo12.com\/pt-pt\/quartos\/superior\/#breadcrumb","itemListElement":[{"@type":"ListItem","position":1,"name":"Home","item":"https:\/\/www.montecarmo12.com\/pt-pt\/"},{"@type":"ListItem","position":2,"name":"Quartos","item":"https:\/\/www.montecarmo12.com\/pt-pt\/quartos\/"},{"@type":"ListItem","position":3,"name":"Superior"}]},{"@type":"WebSite","@id":"https:\/\/www.montecarmo12.com\/pt-pt\/#website","url":"https:\/\/www.montecarmo12.com\/pt-pt\/","name":"Montecarmo 12","description":"Ecco un altro sito ms.decms.eu","potentialAction":[{"@type":"SearchAction","target":{"@type":"EntryPoint","urlTemplate":"https:\/\/www.montecarmo12.com\/pt-pt\/?s={search_term_string}"},"query-input":{"@type":"PropertyValueSpecification","valueRequired":true,"valueName":"search_term_string"}}],"inLanguage":"pt-PT"}]}},"acf":[],"_links":{"self":[{"href":"https:\/\/www.montecarmo12.com\/pt-pt\/wp-json\/wp\/v2\/pages\/117","targetHints":{"allow":["GET"]}}],"collection":[{"href":"https:\/\/www.montecarmo12.com\/pt-pt\/wp-json\/wp\/v2\/pages"}],"about":[{"href":"https:\/\/www.montecarmo12.com\/pt-pt\/wp-json\/wp\/v2\/types\/page"}],"author":[{"embeddable":true,"href":"https:\/\/www.montecarmo12.com\/pt-pt\/wp-json\/wp\/v2\/users\/13"}],"replies":[{"embeddable":true,"href":"https:\/\/www.montecarmo12.com\/pt-pt\/wp-json\/wp\/v2\/comments?post=117"}],"version-history":[{"count":0,"href":"https:\/\/www.montecarmo12.com\/pt-pt\/wp-json\/wp\/v2\/pages\/117\/revisions"}],"up":[{"embeddable":true,"href":"https:\/\/www.montecarmo12.com\/pt-pt\/wp-json\/wp\/v2\/pages\/115"}],"wp:attachment":[{"href":"https:\/\/www.montecarmo12.com\/pt-pt\/wp-json\/wp\/v2\/media?parent=117"}],"curies":[{"name":"wp","href":"https:\/\/api.w.org\/{rel}","templated":true}]}}