{"id":115,"date":"2022-08-12T16:38:06","date_gmt":"2022-08-12T14:38:06","guid":{"rendered":"https:\/\/montecarmo12.ms.decms.eu\/?page_id=115"},"modified":"2023-02-15T18:07:45","modified_gmt":"2023-02-15T17:07:45","slug":"quartos","status":"publish","type":"page","link":"https:\/\/www.montecarmo12.com\/pt-pt\/quartos\/","title":{"rendered":"Quartos"},"content":{"rendered":"<p>Apenas dez quartos, que prezam pelo conforto e pela suavidade. \u00c0s tipologias Superior, Deluxe e Premium, acrescem ainda os quartos Premium com varanda, com vista sobre a cidade e o rio Tejo. Cada suite \u00e9 equipada com mini-bar com uma sele\u00e7\u00e3o de bebidas cl\u00e1ssicas, bem como de snacks, televis\u00e3o com plataformas de streaming e cofre.<\/p>\n<p>Na casa de banho encontra um conjunto de sabonetes, condicionador e shampoo s\u00f3lidos, sais de banho e ainda difusor de \u00f3leos essenciais. Trazemos a natureza para o interior com notas de ger\u00e2nio, alfazema, erva-principe e alecrim. Assinados pela Slow, s\u00e3o estes os aromas naturais que pontuam os espa\u00e7os do Montecarmo 12.<\/p>\n","protected":false},"excerpt":{"rendered":"<p>Apenas dez quartos, que prezam pelo conforto e pela suavidade. \u00c0s tipologias Superior, Deluxe e Premium, acrescem ainda os quartos Premium com varanda, com vista sobre a cidade e o rio Tejo. Cada suite \u00e9 equipada com mini-bar com uma sele\u00e7\u00e3o de bebidas cl\u00e1ssicas, bem como de snacks, televis\u00e3o com plataformas de streaming e cofre. [&hellip;]<\/p>\n","protected":false},"author":13,"featured_media":0,"parent":0,"menu_order":30,"comment_status":"closed","ping_status":"closed","template":"template-rooms.php","meta":{"footnotes":""},"class_list":["post-115","page","type-page","status-publish","hentry"],"yoast_head":"<!-- This site is optimized with the Yoast SEO plugin v26.9 - https:\/\/yoast.com\/product\/yoast-seo-wordpress\/ -->\n<title>Quartos - Montecarmo 12 -<\/title>\n<meta name=\"description\" content=\"Apenas dez quartos, que prezam pelo conforto e pela suavidade. \u00c0s tipologias Superior, Deluxe e Premium, acrescem ainda os quartos Premium com varanda, com vista sobre a cidade e o rio Tejo\" \/>\n<meta name=\"robots\" content=\"index, follow, max-snippet:-1, max-image-preview:large, max-video-preview:-1\" \/>\n<link rel=\"canonical\" href=\"https:\/\/www.montecarmo12.com\/pt-pt\/quartos\/\" \/>\n<meta property=\"og:locale\" content=\"pt_PT\" \/>\n<meta property=\"og:type\" content=\"article\" \/>\n<meta property=\"og:title\" content=\"Quartos - Montecarmo 12 -\" \/>\n<meta property=\"og:description\" content=\"Apenas dez quartos, que prezam pelo conforto e pela suavidade. \u00c0s tipologias Superior, Deluxe e Premium, acrescem ainda os quartos Premium com varanda, com vista sobre a cidade e o rio Tejo\" \/>\n<meta property=\"og:url\" content=\"https:\/\/www.montecarmo12.com\/pt-pt\/quartos\/\" \/>\n<meta property=\"og:site_name\" content=\"Montecarmo 12\" \/>\n<meta property=\"article:modified_time\" content=\"2023-02-15T17:07:45+00:00\" \/>\n<meta name=\"twitter:card\" content=\"summary_large_image\" \/>\n<meta name=\"twitter:label1\" content=\"Tempo estimado de leitura\" \/>\n\t<meta name=\"twitter:data1\" content=\"1 minuto\" \/>\n<script type=\"application\/ld+json\" class=\"yoast-schema-graph\">{\"@context\":\"https:\/\/schema.org\",\"@graph\":[{\"@type\":\"WebPage\",\"@id\":\"https:\/\/www.montecarmo12.com\/pt-pt\/quartos\/\",\"url\":\"https:\/\/www.montecarmo12.com\/pt-pt\/quartos\/\",\"name\":\"Quartos - Montecarmo 12 -\",\"isPartOf\":{\"@id\":\"https:\/\/www.montecarmo12.com\/pt-pt\/#website\"},\"datePublished\":\"2022-08-12T14:38:06+00:00\",\"dateModified\":\"2023-02-15T17:07:45+00:00\",\"description\":\"Apenas dez quartos, que prezam pelo conforto e pela suavidade. \u00c0s tipologias Superior, Deluxe e Premium, acrescem ainda os quartos Premium com varanda, com vista sobre a cidade e o rio Tejo\",\"breadcrumb\":{\"@id\":\"https:\/\/www.montecarmo12.com\/pt-pt\/quartos\/#breadcrumb\"},\"inLanguage\":\"pt-PT\",\"potentialAction\":[{\"@type\":\"ReadAction\",\"target\":[\"https:\/\/www.montecarmo12.com\/pt-pt\/quartos\/\"]}]},{\"@type\":\"BreadcrumbList\",\"@id\":\"https:\/\/www.montecarmo12.com\/pt-pt\/quartos\/#breadcrumb\",\"itemListElement\":[{\"@type\":\"ListItem\",\"position\":1,\"name\":\"Home\",\"item\":\"https:\/\/www.montecarmo12.com\/pt-pt\/\"},{\"@type\":\"ListItem\",\"position\":2,\"name\":\"Quartos\"}]},{\"@type\":\"WebSite\",\"@id\":\"https:\/\/www.montecarmo12.com\/pt-pt\/#website\",\"url\":\"https:\/\/www.montecarmo12.com\/pt-pt\/\",\"name\":\"Montecarmo 12\",\"description\":\"Ecco un altro sito ms.decms.eu\",\"potentialAction\":[{\"@type\":\"SearchAction\",\"target\":{\"@type\":\"EntryPoint\",\"urlTemplate\":\"https:\/\/www.montecarmo12.com\/pt-pt\/?s={search_term_string}\"},\"query-input\":{\"@type\":\"PropertyValueSpecification\",\"valueRequired\":true,\"valueName\":\"search_term_string\"}}],\"inLanguage\":\"pt-PT\"}]}<\/script>\n<!-- \/ Yoast SEO plugin. -->","yoast_head_json":{"title":"Quartos - Montecarmo 12 -","description":"Apenas dez quartos, que prezam pelo conforto e pela suavidade. \u00c0s tipologias Superior, Deluxe e Premium, acrescem ainda os quartos Premium com varanda, com vista sobre a cidade e o rio Tejo","robots":{"index":"index","follow":"follow","max-snippet":"max-snippet:-1","max-image-preview":"max-image-preview:large","max-video-preview":"max-video-preview:-1"},"canonical":"https:\/\/www.montecarmo12.com\/pt-pt\/quartos\/","og_locale":"pt_PT","og_type":"article","og_title":"Quartos - Montecarmo 12 -","og_description":"Apenas dez quartos, que prezam pelo conforto e pela suavidade. \u00c0s tipologias Superior, Deluxe e Premium, acrescem ainda os quartos Premium com varanda, com vista sobre a cidade e o rio Tejo","og_url":"https:\/\/www.montecarmo12.com\/pt-pt\/quartos\/","og_site_name":"Montecarmo 12","article_modified_time":"2023-02-15T17:07:45+00:00","twitter_card":"summary_large_image","twitter_misc":{"Tempo estimado de leitura":"1 minuto"},"schema":{"@context":"https:\/\/schema.org","@graph":[{"@type":"WebPage","@id":"https:\/\/www.montecarmo12.com\/pt-pt\/quartos\/","url":"https:\/\/www.montecarmo12.com\/pt-pt\/quartos\/","name":"Quartos - Montecarmo 12 -","isPartOf":{"@id":"https:\/\/www.montecarmo12.com\/pt-pt\/#website"},"datePublished":"2022-08-12T14:38:06+00:00","dateModified":"2023-02-15T17:07:45+00:00","description":"Apenas dez quartos, que prezam pelo conforto e pela suavidade. \u00c0s tipologias Superior, Deluxe e Premium, acrescem ainda os quartos Premium com varanda, com vista sobre a cidade e o rio Tejo","breadcrumb":{"@id":"https:\/\/www.montecarmo12.com\/pt-pt\/quartos\/#breadcrumb"},"inLanguage":"pt-PT","potentialAction":[{"@type":"ReadAction","target":["https:\/\/www.montecarmo12.com\/pt-pt\/quartos\/"]}]},{"@type":"BreadcrumbList","@id":"https:\/\/www.montecarmo12.com\/pt-pt\/quartos\/#breadcrumb","itemListElement":[{"@type":"ListItem","position":1,"name":"Home","item":"https:\/\/www.montecarmo12.com\/pt-pt\/"},{"@type":"ListItem","position":2,"name":"Quartos"}]},{"@type":"WebSite","@id":"https:\/\/www.montecarmo12.com\/pt-pt\/#website","url":"https:\/\/www.montecarmo12.com\/pt-pt\/","name":"Montecarmo 12","description":"Ecco un altro sito ms.decms.eu","potentialAction":[{"@type":"SearchAction","target":{"@type":"EntryPoint","urlTemplate":"https:\/\/www.montecarmo12.com\/pt-pt\/?s={search_term_string}"},"query-input":{"@type":"PropertyValueSpecification","valueRequired":true,"valueName":"search_term_string"}}],"inLanguage":"pt-PT"}]}},"acf":[],"_links":{"self":[{"href":"https:\/\/www.montecarmo12.com\/pt-pt\/wp-json\/wp\/v2\/pages\/115","targetHints":{"allow":["GET"]}}],"collection":[{"href":"https:\/\/www.montecarmo12.com\/pt-pt\/wp-json\/wp\/v2\/pages"}],"about":[{"href":"https:\/\/www.montecarmo12.com\/pt-pt\/wp-json\/wp\/v2\/types\/page"}],"author":[{"embeddable":true,"href":"https:\/\/www.montecarmo12.com\/pt-pt\/wp-json\/wp\/v2\/users\/13"}],"replies":[{"embeddable":true,"href":"https:\/\/www.montecarmo12.com\/pt-pt\/wp-json\/wp\/v2\/comments?post=115"}],"version-history":[{"count":0,"href":"https:\/\/www.montecarmo12.com\/pt-pt\/wp-json\/wp\/v2\/pages\/115\/revisions"}],"wp:attachment":[{"href":"https:\/\/www.montecarmo12.com\/pt-pt\/wp-json\/wp\/v2\/media?parent=115"}],"curies":[{"name":"wp","href":"https:\/\/api.w.org\/{rel}","templated":true}]}}