{"id":114,"date":"2022-08-12T16:29:27","date_gmt":"2022-08-12T14:29:27","guid":{"rendered":"https:\/\/montecarmo12.ms.decms.eu\/?page_id=114"},"modified":"2023-03-10T18:29:36","modified_gmt":"2023-03-10T17:29:36","slug":"conceito","status":"publish","type":"page","link":"https:\/\/www.montecarmo12.com\/pt-pt\/conceito\/","title":{"rendered":"Conceito \u2014 design hotel"},"content":{"rendered":"<p>Bem-vindo ao Montecarmo 12, um boutique hotel situado numa esquina tranquila do bairro hist\u00f3rico do Pr\u00edncipe Real.<\/p>\n<p>Acreditamos que as melhores mem\u00f3rias se encontram na simplicidade de cada momento \u2013 no tempo para estar, conhecer e experienciar, sem pressa. Inspirados por um passado de grande riqueza, mas focados num presente e num futuro cada vez mais consciente, abrimos as portas do Montecarmo 12 \u2013 um lugar de conforto e tranquilidade no cora\u00e7\u00e3o de Lisboa.<\/p>\n","protected":false},"excerpt":{"rendered":"<p>Bem-vindo ao Montecarmo 12, um boutique hotel situado numa esquina tranquila do bairro hist\u00f3rico do Pr\u00edncipe Real. Acreditamos que as melhores mem\u00f3rias se encontram na simplicidade de cada momento \u2013 no tempo para estar, conhecer e experienciar, sem pressa. Inspirados por um passado de grande riqueza, mas focados num presente e num futuro cada vez [&hellip;]<\/p>\n","protected":false},"author":13,"featured_media":0,"parent":0,"menu_order":20,"comment_status":"closed","ping_status":"closed","template":"template-default-3.php","meta":{"footnotes":""},"class_list":["post-114","page","type-page","status-publish","hentry"],"yoast_head":"<!-- This site is optimized with the Yoast SEO plugin v26.9 - https:\/\/yoast.com\/product\/yoast-seo-wordpress\/ -->\n<title>Conceito \u2014 design hotel - Montecarmo 12 -<\/title>\n<meta name=\"description\" content=\"Bem-vindo ao Montecarmo 12, um boutique hotel situado numa esquina tranquila do bairro hist\u00f3rico do Pr\u00edncipe Real.  Acreditamos que as melhores mem\u00f3rias se encontram na simplicidade de cada momento \u2013 no tempo para estar, conhecer e experienciar, sem pressa. Inspirados por um passado de grande riqueza, mas focados num presente e num futuro cada vez mais consciente, abrimos as portas do Montecarmo 12 \u2013 um lugar de conforto e tranquilidade no cora\u00e7\u00e3o de Lisboa.\" \/>\n<meta name=\"robots\" content=\"index, follow, max-snippet:-1, max-image-preview:large, max-video-preview:-1\" \/>\n<link rel=\"canonical\" href=\"https:\/\/www.montecarmo12.com\/pt-pt\/conceito\/\" \/>\n<meta property=\"og:locale\" content=\"pt_PT\" \/>\n<meta property=\"og:type\" content=\"article\" \/>\n<meta property=\"og:title\" content=\"Conceito \u2014 design hotel - Montecarmo 12 -\" \/>\n<meta property=\"og:description\" content=\"Bem-vindo ao Montecarmo 12, um boutique hotel situado numa esquina tranquila do bairro hist\u00f3rico do Pr\u00edncipe Real.  Acreditamos que as melhores mem\u00f3rias se encontram na simplicidade de cada momento \u2013 no tempo para estar, conhecer e experienciar, sem pressa. Inspirados por um passado de grande riqueza, mas focados num presente e num futuro cada vez mais consciente, abrimos as portas do Montecarmo 12 \u2013 um lugar de conforto e tranquilidade no cora\u00e7\u00e3o de Lisboa.\" \/>\n<meta property=\"og:url\" content=\"https:\/\/www.montecarmo12.com\/pt-pt\/conceito\/\" \/>\n<meta property=\"og:site_name\" content=\"Montecarmo 12\" \/>\n<meta property=\"article:modified_time\" content=\"2023-03-10T17:29:36+00:00\" \/>\n<meta name=\"twitter:card\" content=\"summary_large_image\" \/>\n<meta name=\"twitter:label1\" content=\"Tempo estimado de leitura\" \/>\n\t<meta name=\"twitter:data1\" content=\"1 minuto\" \/>\n<script type=\"application\/ld+json\" class=\"yoast-schema-graph\">{\"@context\":\"https:\/\/schema.org\",\"@graph\":[{\"@type\":\"WebPage\",\"@id\":\"https:\/\/www.montecarmo12.com\/pt-pt\/conceito\/\",\"url\":\"https:\/\/www.montecarmo12.com\/pt-pt\/conceito\/\",\"name\":\"Conceito \u2014 design hotel - Montecarmo 12 -\",\"isPartOf\":{\"@id\":\"https:\/\/www.montecarmo12.com\/pt-pt\/#website\"},\"datePublished\":\"2022-08-12T14:29:27+00:00\",\"dateModified\":\"2023-03-10T17:29:36+00:00\",\"description\":\"Bem-vindo ao Montecarmo 12, um boutique hotel situado numa esquina tranquila do bairro hist\u00f3rico do Pr\u00edncipe Real. Acreditamos que as melhores mem\u00f3rias se encontram na simplicidade de cada momento \u2013 no tempo para estar, conhecer e experienciar, sem pressa. Inspirados por um passado de grande riqueza, mas focados num presente e num futuro cada vez mais consciente, abrimos as portas do Montecarmo 12 \u2013 um lugar de conforto e tranquilidade no cora\u00e7\u00e3o de Lisboa.\",\"breadcrumb\":{\"@id\":\"https:\/\/www.montecarmo12.com\/pt-pt\/conceito\/#breadcrumb\"},\"inLanguage\":\"pt-PT\",\"potentialAction\":[{\"@type\":\"ReadAction\",\"target\":[\"https:\/\/www.montecarmo12.com\/pt-pt\/conceito\/\"]}]},{\"@type\":\"BreadcrumbList\",\"@id\":\"https:\/\/www.montecarmo12.com\/pt-pt\/conceito\/#breadcrumb\",\"itemListElement\":[{\"@type\":\"ListItem\",\"position\":1,\"name\":\"Home\",\"item\":\"https:\/\/www.montecarmo12.com\/pt-pt\/\"},{\"@type\":\"ListItem\",\"position\":2,\"name\":\"Conceito \u2014 design hotel\"}]},{\"@type\":\"WebSite\",\"@id\":\"https:\/\/www.montecarmo12.com\/pt-pt\/#website\",\"url\":\"https:\/\/www.montecarmo12.com\/pt-pt\/\",\"name\":\"Montecarmo 12\",\"description\":\"Ecco un altro sito ms.decms.eu\",\"potentialAction\":[{\"@type\":\"SearchAction\",\"target\":{\"@type\":\"EntryPoint\",\"urlTemplate\":\"https:\/\/www.montecarmo12.com\/pt-pt\/?s={search_term_string}\"},\"query-input\":{\"@type\":\"PropertyValueSpecification\",\"valueRequired\":true,\"valueName\":\"search_term_string\"}}],\"inLanguage\":\"pt-PT\"}]}<\/script>\n<!-- \/ Yoast SEO plugin. -->","yoast_head_json":{"title":"Conceito \u2014 design hotel - Montecarmo 12 -","description":"Bem-vindo ao Montecarmo 12, um boutique hotel situado numa esquina tranquila do bairro hist\u00f3rico do Pr\u00edncipe Real.  Acreditamos que as melhores mem\u00f3rias se encontram na simplicidade de cada momento \u2013 no tempo para estar, conhecer e experienciar, sem pressa. Inspirados por um passado de grande riqueza, mas focados num presente e num futuro cada vez mais consciente, abrimos as portas do Montecarmo 12 \u2013 um lugar de conforto e tranquilidade no cora\u00e7\u00e3o de Lisboa.","robots":{"index":"index","follow":"follow","max-snippet":"max-snippet:-1","max-image-preview":"max-image-preview:large","max-video-preview":"max-video-preview:-1"},"canonical":"https:\/\/www.montecarmo12.com\/pt-pt\/conceito\/","og_locale":"pt_PT","og_type":"article","og_title":"Conceito \u2014 design hotel - Montecarmo 12 -","og_description":"Bem-vindo ao Montecarmo 12, um boutique hotel situado numa esquina tranquila do bairro hist\u00f3rico do Pr\u00edncipe Real.  Acreditamos que as melhores mem\u00f3rias se encontram na simplicidade de cada momento \u2013 no tempo para estar, conhecer e experienciar, sem pressa. Inspirados por um passado de grande riqueza, mas focados num presente e num futuro cada vez mais consciente, abrimos as portas do Montecarmo 12 \u2013 um lugar de conforto e tranquilidade no cora\u00e7\u00e3o de Lisboa.","og_url":"https:\/\/www.montecarmo12.com\/pt-pt\/conceito\/","og_site_name":"Montecarmo 12","article_modified_time":"2023-03-10T17:29:36+00:00","twitter_card":"summary_large_image","twitter_misc":{"Tempo estimado de leitura":"1 minuto"},"schema":{"@context":"https:\/\/schema.org","@graph":[{"@type":"WebPage","@id":"https:\/\/www.montecarmo12.com\/pt-pt\/conceito\/","url":"https:\/\/www.montecarmo12.com\/pt-pt\/conceito\/","name":"Conceito \u2014 design hotel - Montecarmo 12 -","isPartOf":{"@id":"https:\/\/www.montecarmo12.com\/pt-pt\/#website"},"datePublished":"2022-08-12T14:29:27+00:00","dateModified":"2023-03-10T17:29:36+00:00","description":"Bem-vindo ao Montecarmo 12, um boutique hotel situado numa esquina tranquila do bairro hist\u00f3rico do Pr\u00edncipe Real. Acreditamos que as melhores mem\u00f3rias se encontram na simplicidade de cada momento \u2013 no tempo para estar, conhecer e experienciar, sem pressa. Inspirados por um passado de grande riqueza, mas focados num presente e num futuro cada vez mais consciente, abrimos as portas do Montecarmo 12 \u2013 um lugar de conforto e tranquilidade no cora\u00e7\u00e3o de Lisboa.","breadcrumb":{"@id":"https:\/\/www.montecarmo12.com\/pt-pt\/conceito\/#breadcrumb"},"inLanguage":"pt-PT","potentialAction":[{"@type":"ReadAction","target":["https:\/\/www.montecarmo12.com\/pt-pt\/conceito\/"]}]},{"@type":"BreadcrumbList","@id":"https:\/\/www.montecarmo12.com\/pt-pt\/conceito\/#breadcrumb","itemListElement":[{"@type":"ListItem","position":1,"name":"Home","item":"https:\/\/www.montecarmo12.com\/pt-pt\/"},{"@type":"ListItem","position":2,"name":"Conceito \u2014 design hotel"}]},{"@type":"WebSite","@id":"https:\/\/www.montecarmo12.com\/pt-pt\/#website","url":"https:\/\/www.montecarmo12.com\/pt-pt\/","name":"Montecarmo 12","description":"Ecco un altro sito ms.decms.eu","potentialAction":[{"@type":"SearchAction","target":{"@type":"EntryPoint","urlTemplate":"https:\/\/www.montecarmo12.com\/pt-pt\/?s={search_term_string}"},"query-input":{"@type":"PropertyValueSpecification","valueRequired":true,"valueName":"search_term_string"}}],"inLanguage":"pt-PT"}]}},"acf":[],"_links":{"self":[{"href":"https:\/\/www.montecarmo12.com\/pt-pt\/wp-json\/wp\/v2\/pages\/114","targetHints":{"allow":["GET"]}}],"collection":[{"href":"https:\/\/www.montecarmo12.com\/pt-pt\/wp-json\/wp\/v2\/pages"}],"about":[{"href":"https:\/\/www.montecarmo12.com\/pt-pt\/wp-json\/wp\/v2\/types\/page"}],"author":[{"embeddable":true,"href":"https:\/\/www.montecarmo12.com\/pt-pt\/wp-json\/wp\/v2\/users\/13"}],"replies":[{"embeddable":true,"href":"https:\/\/www.montecarmo12.com\/pt-pt\/wp-json\/wp\/v2\/comments?post=114"}],"version-history":[{"count":0,"href":"https:\/\/www.montecarmo12.com\/pt-pt\/wp-json\/wp\/v2\/pages\/114\/revisions"}],"wp:attachment":[{"href":"https:\/\/www.montecarmo12.com\/pt-pt\/wp-json\/wp\/v2\/media?parent=114"}],"curies":[{"name":"wp","href":"https:\/\/api.w.org\/{rel}","templated":true}]}}