{"id":113,"date":"2022-08-12T16:22:36","date_gmt":"2022-08-12T14:22:36","guid":{"rendered":"https:\/\/montecarmo12.ms.decms.eu\/?page_id=113"},"modified":"2026-04-29T19:56:52","modified_gmt":"2026-04-29T17:56:52","slug":"bairro","status":"publish","type":"page","link":"https:\/\/www.montecarmo12.com\/pt-pt\/bairro\/","title":{"rendered":"O Bairro"},"content":{"rendered":"<p>Com vislumbres do Tejo e repleto de cultura, gastronomia, com\u00e9rcio e espa\u00e7os verdes, o Pr\u00edncipe Real \u00e9 um dos lugares mais prestigiados de Lisboa, com uma s\u00e9rie de tesouros locais que tendem a \ufb01car \u00e0 margem dos roteiros mais tur\u00edsticos. Desvendamos estes segredos e curiosidades com um verdadeiro orgulho do espa\u00e7o que ocupamos e de quem nos rodeia \u2013 \u00e9, tamb\u00e9m, esta envolv\u00eancia que nos define.<\/p>\n","protected":false},"excerpt":{"rendered":"<p>Com vislumbres do Tejo e repleto de cultura, gastronomia, com\u00e9rcio e espa\u00e7os verdes, o Pr\u00edncipe Real \u00e9 um dos lugares mais prestigiados de Lisboa, com uma s\u00e9rie de tesouros locais que tendem a \ufb01car \u00e0 margem dos roteiros mais tur\u00edsticos. Desvendamos estes segredos e curiosidades com um verdadeiro orgulho do espa\u00e7o que ocupamos e de [&hellip;]<\/p>\n","protected":false},"author":13,"featured_media":0,"parent":0,"menu_order":60,"comment_status":"closed","ping_status":"closed","template":"template-location.php","meta":{"footnotes":""},"class_list":["post-113","page","type-page","status-publish","hentry"],"yoast_head":"<!-- This site is optimized with the Yoast SEO plugin v26.9 - https:\/\/yoast.com\/product\/yoast-seo-wordpress\/ -->\n<title>O Bairro - Montecarmo 12 -<\/title>\n<meta name=\"description\" content=\"Com vislumbres do Tejo e repleto de cultura, gastronomia, com\u00e9rcio e espa\u00e7os verdes, o Pr\u00edncipe Real \u00e9 um dos lugares mais prestigiados de Lisboa, com uma s\u00e9rie de tesouros locais que tendem a \ufb01car \u00e0 margem dos roteiros mais tur\u00edsticos. Desvendamos estes segredos e curiosidades com um verdadeiro orgulho do espa\u00e7o que ocupamos e de quem nos rodeia \u2013 \u00e9, tamb\u00e9m, esta envolv\u00eancia que nos define.\" \/>\n<meta name=\"robots\" content=\"index, follow, max-snippet:-1, max-image-preview:large, max-video-preview:-1\" \/>\n<link rel=\"canonical\" href=\"https:\/\/www.montecarmo12.com\/pt-pt\/bairro\/\" \/>\n<meta property=\"og:locale\" content=\"pt_PT\" \/>\n<meta property=\"og:type\" content=\"article\" \/>\n<meta property=\"og:title\" content=\"O Bairro - Montecarmo 12 -\" \/>\n<meta property=\"og:description\" content=\"Com vislumbres do Tejo e repleto de cultura, gastronomia, com\u00e9rcio e espa\u00e7os verdes, o Pr\u00edncipe Real \u00e9 um dos lugares mais prestigiados de Lisboa, com uma s\u00e9rie de tesouros locais que tendem a \ufb01car \u00e0 margem dos roteiros mais tur\u00edsticos. Desvendamos estes segredos e curiosidades com um verdadeiro orgulho do espa\u00e7o que ocupamos e de quem nos rodeia \u2013 \u00e9, tamb\u00e9m, esta envolv\u00eancia que nos define.\" \/>\n<meta property=\"og:url\" content=\"https:\/\/www.montecarmo12.com\/pt-pt\/bairro\/\" \/>\n<meta property=\"og:site_name\" content=\"Montecarmo 12\" \/>\n<meta property=\"article:modified_time\" content=\"2026-04-29T17:56:52+00:00\" \/>\n<meta name=\"twitter:card\" content=\"summary_large_image\" \/>\n<meta name=\"twitter:label1\" content=\"Tempo estimado de leitura\" \/>\n\t<meta name=\"twitter:data1\" content=\"1 minuto\" \/>\n<script type=\"application\/ld+json\" class=\"yoast-schema-graph\">{\"@context\":\"https:\/\/schema.org\",\"@graph\":[{\"@type\":\"WebPage\",\"@id\":\"https:\/\/www.montecarmo12.com\/pt-pt\/bairro\/\",\"url\":\"https:\/\/www.montecarmo12.com\/pt-pt\/bairro\/\",\"name\":\"O Bairro - Montecarmo 12 -\",\"isPartOf\":{\"@id\":\"https:\/\/www.montecarmo12.com\/pt-pt\/#website\"},\"datePublished\":\"2022-08-12T14:22:36+00:00\",\"dateModified\":\"2026-04-29T17:56:52+00:00\",\"description\":\"Com vislumbres do Tejo e repleto de cultura, gastronomia, com\u00e9rcio e espa\u00e7os verdes, o Pr\u00edncipe Real \u00e9 um dos lugares mais prestigiados de Lisboa, com uma s\u00e9rie de tesouros locais que tendem a \ufb01car \u00e0 margem dos roteiros mais tur\u00edsticos. Desvendamos estes segredos e curiosidades com um verdadeiro orgulho do espa\u00e7o que ocupamos e de quem nos rodeia \u2013 \u00e9, tamb\u00e9m, esta envolv\u00eancia que nos define.\",\"breadcrumb\":{\"@id\":\"https:\/\/www.montecarmo12.com\/pt-pt\/bairro\/#breadcrumb\"},\"inLanguage\":\"pt-PT\",\"potentialAction\":[{\"@type\":\"ReadAction\",\"target\":[\"https:\/\/www.montecarmo12.com\/pt-pt\/bairro\/\"]}]},{\"@type\":\"BreadcrumbList\",\"@id\":\"https:\/\/www.montecarmo12.com\/pt-pt\/bairro\/#breadcrumb\",\"itemListElement\":[{\"@type\":\"ListItem\",\"position\":1,\"name\":\"Home\",\"item\":\"https:\/\/www.montecarmo12.com\/pt-pt\/\"},{\"@type\":\"ListItem\",\"position\":2,\"name\":\"O Bairro\"}]},{\"@type\":\"WebSite\",\"@id\":\"https:\/\/www.montecarmo12.com\/pt-pt\/#website\",\"url\":\"https:\/\/www.montecarmo12.com\/pt-pt\/\",\"name\":\"Montecarmo 12\",\"description\":\"Ecco un altro sito ms.decms.eu\",\"potentialAction\":[{\"@type\":\"SearchAction\",\"target\":{\"@type\":\"EntryPoint\",\"urlTemplate\":\"https:\/\/www.montecarmo12.com\/pt-pt\/?s={search_term_string}\"},\"query-input\":{\"@type\":\"PropertyValueSpecification\",\"valueRequired\":true,\"valueName\":\"search_term_string\"}}],\"inLanguage\":\"pt-PT\"}]}<\/script>\n<!-- \/ Yoast SEO plugin. -->","yoast_head_json":{"title":"O Bairro - Montecarmo 12 -","description":"Com vislumbres do Tejo e repleto de cultura, gastronomia, com\u00e9rcio e espa\u00e7os verdes, o Pr\u00edncipe Real \u00e9 um dos lugares mais prestigiados de Lisboa, com uma s\u00e9rie de tesouros locais que tendem a \ufb01car \u00e0 margem dos roteiros mais tur\u00edsticos. Desvendamos estes segredos e curiosidades com um verdadeiro orgulho do espa\u00e7o que ocupamos e de quem nos rodeia \u2013 \u00e9, tamb\u00e9m, esta envolv\u00eancia que nos define.","robots":{"index":"index","follow":"follow","max-snippet":"max-snippet:-1","max-image-preview":"max-image-preview:large","max-video-preview":"max-video-preview:-1"},"canonical":"https:\/\/www.montecarmo12.com\/pt-pt\/bairro\/","og_locale":"pt_PT","og_type":"article","og_title":"O Bairro - Montecarmo 12 -","og_description":"Com vislumbres do Tejo e repleto de cultura, gastronomia, com\u00e9rcio e espa\u00e7os verdes, o Pr\u00edncipe Real \u00e9 um dos lugares mais prestigiados de Lisboa, com uma s\u00e9rie de tesouros locais que tendem a \ufb01car \u00e0 margem dos roteiros mais tur\u00edsticos. Desvendamos estes segredos e curiosidades com um verdadeiro orgulho do espa\u00e7o que ocupamos e de quem nos rodeia \u2013 \u00e9, tamb\u00e9m, esta envolv\u00eancia que nos define.","og_url":"https:\/\/www.montecarmo12.com\/pt-pt\/bairro\/","og_site_name":"Montecarmo 12","article_modified_time":"2026-04-29T17:56:52+00:00","twitter_card":"summary_large_image","twitter_misc":{"Tempo estimado de leitura":"1 minuto"},"schema":{"@context":"https:\/\/schema.org","@graph":[{"@type":"WebPage","@id":"https:\/\/www.montecarmo12.com\/pt-pt\/bairro\/","url":"https:\/\/www.montecarmo12.com\/pt-pt\/bairro\/","name":"O Bairro - Montecarmo 12 -","isPartOf":{"@id":"https:\/\/www.montecarmo12.com\/pt-pt\/#website"},"datePublished":"2022-08-12T14:22:36+00:00","dateModified":"2026-04-29T17:56:52+00:00","description":"Com vislumbres do Tejo e repleto de cultura, gastronomia, com\u00e9rcio e espa\u00e7os verdes, o Pr\u00edncipe Real \u00e9 um dos lugares mais prestigiados de Lisboa, com uma s\u00e9rie de tesouros locais que tendem a \ufb01car \u00e0 margem dos roteiros mais tur\u00edsticos. Desvendamos estes segredos e curiosidades com um verdadeiro orgulho do espa\u00e7o que ocupamos e de quem nos rodeia \u2013 \u00e9, tamb\u00e9m, esta envolv\u00eancia que nos define.","breadcrumb":{"@id":"https:\/\/www.montecarmo12.com\/pt-pt\/bairro\/#breadcrumb"},"inLanguage":"pt-PT","potentialAction":[{"@type":"ReadAction","target":["https:\/\/www.montecarmo12.com\/pt-pt\/bairro\/"]}]},{"@type":"BreadcrumbList","@id":"https:\/\/www.montecarmo12.com\/pt-pt\/bairro\/#breadcrumb","itemListElement":[{"@type":"ListItem","position":1,"name":"Home","item":"https:\/\/www.montecarmo12.com\/pt-pt\/"},{"@type":"ListItem","position":2,"name":"O Bairro"}]},{"@type":"WebSite","@id":"https:\/\/www.montecarmo12.com\/pt-pt\/#website","url":"https:\/\/www.montecarmo12.com\/pt-pt\/","name":"Montecarmo 12","description":"Ecco un altro sito ms.decms.eu","potentialAction":[{"@type":"SearchAction","target":{"@type":"EntryPoint","urlTemplate":"https:\/\/www.montecarmo12.com\/pt-pt\/?s={search_term_string}"},"query-input":{"@type":"PropertyValueSpecification","valueRequired":true,"valueName":"search_term_string"}}],"inLanguage":"pt-PT"}]}},"acf":[],"_links":{"self":[{"href":"https:\/\/www.montecarmo12.com\/pt-pt\/wp-json\/wp\/v2\/pages\/113","targetHints":{"allow":["GET"]}}],"collection":[{"href":"https:\/\/www.montecarmo12.com\/pt-pt\/wp-json\/wp\/v2\/pages"}],"about":[{"href":"https:\/\/www.montecarmo12.com\/pt-pt\/wp-json\/wp\/v2\/types\/page"}],"author":[{"embeddable":true,"href":"https:\/\/www.montecarmo12.com\/pt-pt\/wp-json\/wp\/v2\/users\/13"}],"replies":[{"embeddable":true,"href":"https:\/\/www.montecarmo12.com\/pt-pt\/wp-json\/wp\/v2\/comments?post=113"}],"version-history":[{"count":0,"href":"https:\/\/www.montecarmo12.com\/pt-pt\/wp-json\/wp\/v2\/pages\/113\/revisions"}],"wp:attachment":[{"href":"https:\/\/www.montecarmo12.com\/pt-pt\/wp-json\/wp\/v2\/media?parent=113"}],"curies":[{"name":"wp","href":"https:\/\/api.w.org\/{rel}","templated":true}]}}